{"id":9307,"date":"2023-01-23T11:02:42","date_gmt":"2023-01-23T11:02:42","guid":{"rendered":"https:\/\/lantichambrepe.wpengine.com\/?post_type=product&#038;p=9307"},"modified":"2023-09-21T16:31:48","modified_gmt":"2023-09-21T16:31:48","slug":"2051-390x185cm","status":"publish","type":"product","link":"https:\/\/lantichambrepersane.com\/en\/product\/2051-390x185cm\/","title":{"rendered":"2051: 390x185cm"},"content":{"rendered":"<p>Jajim : ce tissage servait \u00e0 l\u2019origine de couverture ; il s\u2019agit ici de deux panneaux tiss\u00e9s \u00e0 plat sur m\u00e9tier horizontal, cousus pour former une pi\u00e8ce\u00a0chaude et r\u00e9versible. Laine naturelle sans colorant.<\/p>\n<ul>\n<li>390&#215;185(cm)<\/li>\n<li>Laine<\/li>\n<li>R\u00e9gion: Kurdestan (nord-ouest d&#8217;Iran)<\/li>\n<li>D\u00e9but XXe si\u00e8cle<\/li>\n<\/ul>\n<p><span style=\"color: #ff0000;\"><strong>2000,00 \u20ac\u00a0<\/strong><\/span><\/p>\n<p><span style=\"color: #ff0000;\"><strong>Promotion 1200.00 \u20ac<\/strong><\/span><\/p>\n","protected":false},"excerpt":{"rendered":"<p>Jajim : ce tissage servait \u00e0 l\u2019origine de couverture ; il s\u2019agit ici de deux panneaux tiss\u00e9s \u00e0 plat sur m\u00e9tier horizontal, cousus pour former une pi\u00e8ce\u00a0chaude et r\u00e9versible. Laine naturelle sans colorant. 390&#215;185(cm) Laine R\u00e9gion: Kurdestan (nord-ouest d&#8217;Iran) D\u00e9but XXe si\u00e8cle 2000,00 \u20ac\u00a0 Promotion 1200.00 \u20ac<\/p>\n","protected":false},"featured_media":10560,"template":"","meta":[],"product_brand":[],"product_cat":[83],"product_tag":[],"class_list":{"0":"post-9307","1":"product","2":"type-product","3":"status-publish","4":"has-post-thumbnail","6":"product_cat-promotions","7":"entry","8":"has-media","10":"first","11":"instock","12":"shipping-taxable","13":"product-type-simple"},"yoast_head":"<!-- This site is optimized with the Yoast SEO plugin v27.4 - https:\/\/yoast.com\/product\/yoast-seo-wordpress\/ -->\n<title>2051: 390x185cm - L&#039;antichambre persane<\/title>\n<meta name=\"robots\" content=\"index, follow, max-snippet:-1, max-image-preview:large, max-video-preview:-1\" \/>\n<link rel=\"canonical\" href=\"https:\/\/lantichambrepersane.com\/en\/product\/2051-390x185cm\/\" \/>\n<meta property=\"og:locale\" content=\"en_US\" \/>\n<meta property=\"og:type\" content=\"article\" \/>\n<meta property=\"og:title\" content=\"2051: 390x185cm - L&#039;antichambre persane\" \/>\n<meta property=\"og:description\" content=\"Jajim : ce tissage servait \u00e0 l\u2019origine de couverture ; il s\u2019agit ici de deux panneaux tiss\u00e9s \u00e0 plat sur m\u00e9tier horizontal, cousus pour former une pi\u00e8ce\u00a0chaude et r\u00e9versible. Laine naturelle sans colorant. 390&#215;185(cm) Laine R\u00e9gion: Kurdestan (nord-ouest d&#8217;Iran) D\u00e9but XXe si\u00e8cle 2000,00 \u20ac\u00a0 Promotion 1200.00 \u20ac\" \/>\n<meta property=\"og:url\" content=\"https:\/\/lantichambrepersane.com\/en\/product\/2051-390x185cm\/\" \/>\n<meta property=\"og:site_name\" content=\"L&#039;antichambre persane\" \/>\n<meta property=\"article:publisher\" content=\"https:\/\/www.facebook.com\/lantichambrepersane75\" \/>\n<meta property=\"article:modified_time\" content=\"2023-09-21T16:31:48+00:00\" \/>\n<meta property=\"og:image\" content=\"https:\/\/lantichambrepersane.com\/wp-content\/uploads\/2023\/05\/2051-1.jpg\" \/>\n\t<meta property=\"og:image:width\" content=\"589\" \/>\n\t<meta property=\"og:image:height\" content=\"802\" \/>\n\t<meta property=\"og:image:type\" content=\"image\/jpeg\" \/>\n<meta name=\"twitter:card\" content=\"summary_large_image\" \/>\n<meta name=\"twitter:label1\" content=\"Est. reading time\" \/>\n\t<meta name=\"twitter:data1\" content=\"1 minute\" \/>\n<script type=\"application\/ld+json\" class=\"yoast-schema-graph\">{\"@context\":\"https:\\\/\\\/schema.org\",\"@graph\":[{\"@type\":\"WebPage\",\"@id\":\"https:\\\/\\\/lantichambrepersane.com\\\/en\\\/product\\\/2051-390x185cm\\\/\",\"url\":\"https:\\\/\\\/lantichambrepersane.com\\\/en\\\/product\\\/2051-390x185cm\\\/\",\"name\":\"2051: 390x185cm - L'antichambre persane\",\"isPartOf\":{\"@id\":\"https:\\\/\\\/lantichambrepersane.com\\\/en\\\/#website\"},\"primaryImageOfPage\":{\"@id\":\"https:\\\/\\\/lantichambrepersane.com\\\/en\\\/product\\\/2051-390x185cm\\\/#primaryimage\"},\"image\":{\"@id\":\"https:\\\/\\\/lantichambrepersane.com\\\/en\\\/product\\\/2051-390x185cm\\\/#primaryimage\"},\"thumbnailUrl\":\"https:\\\/\\\/lantichambrepersane.com\\\/wp-content\\\/uploads\\\/2023\\\/05\\\/2051-1.jpg\",\"datePublished\":\"2023-01-23T11:02:42+00:00\",\"dateModified\":\"2023-09-21T16:31:48+00:00\",\"breadcrumb\":{\"@id\":\"https:\\\/\\\/lantichambrepersane.com\\\/en\\\/product\\\/2051-390x185cm\\\/#breadcrumb\"},\"inLanguage\":\"en-US\",\"potentialAction\":[{\"@type\":\"ReadAction\",\"target\":[\"https:\\\/\\\/lantichambrepersane.com\\\/en\\\/product\\\/2051-390x185cm\\\/\"]}]},{\"@type\":\"ImageObject\",\"inLanguage\":\"en-US\",\"@id\":\"https:\\\/\\\/lantichambrepersane.com\\\/en\\\/product\\\/2051-390x185cm\\\/#primaryimage\",\"url\":\"https:\\\/\\\/lantichambrepersane.com\\\/wp-content\\\/uploads\\\/2023\\\/05\\\/2051-1.jpg\",\"contentUrl\":\"https:\\\/\\\/lantichambrepersane.com\\\/wp-content\\\/uploads\\\/2023\\\/05\\\/2051-1.jpg\",\"width\":589,\"height\":802},{\"@type\":\"BreadcrumbList\",\"@id\":\"https:\\\/\\\/lantichambrepersane.com\\\/en\\\/product\\\/2051-390x185cm\\\/#breadcrumb\",\"itemListElement\":[{\"@type\":\"ListItem\",\"position\":1,\"name\":\"Accueil\",\"item\":\"https:\\\/\\\/lantichambrepersane.com\\\/en\\\/\"},{\"@type\":\"ListItem\",\"position\":2,\"name\":\"Collection\",\"item\":\"https:\\\/\\\/lantichambrepersane.com\\\/en\\\/collection\\\/\"},{\"@type\":\"ListItem\",\"position\":3,\"name\":\"2051: 390x185cm\"}]},{\"@type\":\"WebSite\",\"@id\":\"https:\\\/\\\/lantichambrepersane.com\\\/en\\\/#website\",\"url\":\"https:\\\/\\\/lantichambrepersane.com\\\/en\\\/\",\"name\":\"L'antichambre persane\",\"description\":\"A&K, Marchand d\u2019objets & Menuisier sur-mesure\",\"publisher\":{\"@id\":\"https:\\\/\\\/lantichambrepersane.com\\\/en\\\/#organization\"},\"potentialAction\":[{\"@type\":\"SearchAction\",\"target\":{\"@type\":\"EntryPoint\",\"urlTemplate\":\"https:\\\/\\\/lantichambrepersane.com\\\/en\\\/?s={search_term_string}\"},\"query-input\":{\"@type\":\"PropertyValueSpecification\",\"valueRequired\":true,\"valueName\":\"search_term_string\"}}],\"inLanguage\":\"en-US\"},{\"@type\":\"Organization\",\"@id\":\"https:\\\/\\\/lantichambrepersane.com\\\/en\\\/#organization\",\"name\":\"L'antichambre persane\",\"url\":\"https:\\\/\\\/lantichambrepersane.com\\\/en\\\/\",\"logo\":{\"@type\":\"ImageObject\",\"inLanguage\":\"en-US\",\"@id\":\"https:\\\/\\\/lantichambrepersane.com\\\/en\\\/#\\\/schema\\\/logo\\\/image\\\/\",\"url\":\"https:\\\/\\\/lantichambrepersane.com\\\/wp-content\\\/uploads\\\/2020\\\/09\\\/LAntichambre-LogoHD-CARRE.jpg\",\"contentUrl\":\"https:\\\/\\\/lantichambrepersane.com\\\/wp-content\\\/uploads\\\/2020\\\/09\\\/LAntichambre-LogoHD-CARRE.jpg\",\"width\":525,\"height\":150,\"caption\":\"L'antichambre persane\"},\"image\":{\"@id\":\"https:\\\/\\\/lantichambrepersane.com\\\/en\\\/#\\\/schema\\\/logo\\\/image\\\/\"},\"sameAs\":[\"https:\\\/\\\/www.facebook.com\\\/lantichambrepersane75\"]}]}<\/script>\n<!-- \/ Yoast SEO plugin. -->","yoast_head_json":{"title":"2051: 390x185cm - L'antichambre persane","robots":{"index":"index","follow":"follow","max-snippet":"max-snippet:-1","max-image-preview":"max-image-preview:large","max-video-preview":"max-video-preview:-1"},"canonical":"https:\/\/lantichambrepersane.com\/en\/product\/2051-390x185cm\/","og_locale":"en_US","og_type":"article","og_title":"2051: 390x185cm - L'antichambre persane","og_description":"Jajim : ce tissage servait \u00e0 l\u2019origine de couverture ; il s\u2019agit ici de deux panneaux tiss\u00e9s \u00e0 plat sur m\u00e9tier horizontal, cousus pour former une pi\u00e8ce\u00a0chaude et r\u00e9versible. Laine naturelle sans colorant. 390&#215;185(cm) Laine R\u00e9gion: Kurdestan (nord-ouest d&#8217;Iran) D\u00e9but XXe si\u00e8cle 2000,00 \u20ac\u00a0 Promotion 1200.00 \u20ac","og_url":"https:\/\/lantichambrepersane.com\/en\/product\/2051-390x185cm\/","og_site_name":"L'antichambre persane","article_publisher":"https:\/\/www.facebook.com\/lantichambrepersane75","article_modified_time":"2023-09-21T16:31:48+00:00","og_image":[{"width":589,"height":802,"url":"https:\/\/lantichambrepersane.com\/wp-content\/uploads\/2023\/05\/2051-1.jpg","type":"image\/jpeg"}],"twitter_card":"summary_large_image","twitter_misc":{"Est. reading time":"1 minute"},"schema":{"@context":"https:\/\/schema.org","@graph":[{"@type":"WebPage","@id":"https:\/\/lantichambrepersane.com\/en\/product\/2051-390x185cm\/","url":"https:\/\/lantichambrepersane.com\/en\/product\/2051-390x185cm\/","name":"2051: 390x185cm - L'antichambre persane","isPartOf":{"@id":"https:\/\/lantichambrepersane.com\/en\/#website"},"primaryImageOfPage":{"@id":"https:\/\/lantichambrepersane.com\/en\/product\/2051-390x185cm\/#primaryimage"},"image":{"@id":"https:\/\/lantichambrepersane.com\/en\/product\/2051-390x185cm\/#primaryimage"},"thumbnailUrl":"https:\/\/lantichambrepersane.com\/wp-content\/uploads\/2023\/05\/2051-1.jpg","datePublished":"2023-01-23T11:02:42+00:00","dateModified":"2023-09-21T16:31:48+00:00","breadcrumb":{"@id":"https:\/\/lantichambrepersane.com\/en\/product\/2051-390x185cm\/#breadcrumb"},"inLanguage":"en-US","potentialAction":[{"@type":"ReadAction","target":["https:\/\/lantichambrepersane.com\/en\/product\/2051-390x185cm\/"]}]},{"@type":"ImageObject","inLanguage":"en-US","@id":"https:\/\/lantichambrepersane.com\/en\/product\/2051-390x185cm\/#primaryimage","url":"https:\/\/lantichambrepersane.com\/wp-content\/uploads\/2023\/05\/2051-1.jpg","contentUrl":"https:\/\/lantichambrepersane.com\/wp-content\/uploads\/2023\/05\/2051-1.jpg","width":589,"height":802},{"@type":"BreadcrumbList","@id":"https:\/\/lantichambrepersane.com\/en\/product\/2051-390x185cm\/#breadcrumb","itemListElement":[{"@type":"ListItem","position":1,"name":"Accueil","item":"https:\/\/lantichambrepersane.com\/en\/"},{"@type":"ListItem","position":2,"name":"Collection","item":"https:\/\/lantichambrepersane.com\/en\/collection\/"},{"@type":"ListItem","position":3,"name":"2051: 390x185cm"}]},{"@type":"WebSite","@id":"https:\/\/lantichambrepersane.com\/en\/#website","url":"https:\/\/lantichambrepersane.com\/en\/","name":"L'antichambre persane","description":"A&K, Marchand d\u2019objets & Menuisier sur-mesure","publisher":{"@id":"https:\/\/lantichambrepersane.com\/en\/#organization"},"potentialAction":[{"@type":"SearchAction","target":{"@type":"EntryPoint","urlTemplate":"https:\/\/lantichambrepersane.com\/en\/?s={search_term_string}"},"query-input":{"@type":"PropertyValueSpecification","valueRequired":true,"valueName":"search_term_string"}}],"inLanguage":"en-US"},{"@type":"Organization","@id":"https:\/\/lantichambrepersane.com\/en\/#organization","name":"L'antichambre persane","url":"https:\/\/lantichambrepersane.com\/en\/","logo":{"@type":"ImageObject","inLanguage":"en-US","@id":"https:\/\/lantichambrepersane.com\/en\/#\/schema\/logo\/image\/","url":"https:\/\/lantichambrepersane.com\/wp-content\/uploads\/2020\/09\/LAntichambre-LogoHD-CARRE.jpg","contentUrl":"https:\/\/lantichambrepersane.com\/wp-content\/uploads\/2020\/09\/LAntichambre-LogoHD-CARRE.jpg","width":525,"height":150,"caption":"L'antichambre persane"},"image":{"@id":"https:\/\/lantichambrepersane.com\/en\/#\/schema\/logo\/image\/"},"sameAs":["https:\/\/www.facebook.com\/lantichambrepersane75"]}]}},"_links":{"self":[{"href":"https:\/\/lantichambrepersane.com\/en\/wp-json\/wp\/v2\/product\/9307","targetHints":{"allow":["GET"]}}],"collection":[{"href":"https:\/\/lantichambrepersane.com\/en\/wp-json\/wp\/v2\/product"}],"about":[{"href":"https:\/\/lantichambrepersane.com\/en\/wp-json\/wp\/v2\/types\/product"}],"wp:featuredmedia":[{"embeddable":true,"href":"https:\/\/lantichambrepersane.com\/en\/wp-json\/wp\/v2\/media\/10560"}],"wp:attachment":[{"href":"https:\/\/lantichambrepersane.com\/en\/wp-json\/wp\/v2\/media?parent=9307"}],"wp:term":[{"taxonomy":"product_brand","embeddable":true,"href":"https:\/\/lantichambrepersane.com\/en\/wp-json\/wp\/v2\/product_brand?post=9307"},{"taxonomy":"product_cat","embeddable":true,"href":"https:\/\/lantichambrepersane.com\/en\/wp-json\/wp\/v2\/product_cat?post=9307"},{"taxonomy":"product_tag","embeddable":true,"href":"https:\/\/lantichambrepersane.com\/en\/wp-json\/wp\/v2\/product_tag?post=9307"}],"curies":[{"name":"wp","href":"https:\/\/api.w.org\/{rel}","templated":true}]}}