{"id":612,"date":"2020-10-27T14:46:10","date_gmt":"2020-10-27T14:46:10","guid":{"rendered":"https:\/\/lantichambrepe.wpengine.com\/?post_type=product&#038;p=612"},"modified":"2023-10-26T10:17:44","modified_gmt":"2023-10-26T10:17:44","slug":"sofreh-3054","status":"publish","type":"product","link":"https:\/\/lantichambrepersane.com\/en\/product\/sofreh-3054\/","title":{"rendered":"3054: 127x127cm"},"content":{"rendered":"<p class=\"yiv2451068954ydp26541femsonormal\" style=\"margin: 0cm; margin-bottom: .0001pt; background: white; font-variant-ligatures: normal; font-variant-caps: normal; orphans: 2; widows: 2; -webkit-text-stroke-width: 0px; text-decoration-style: initial; text-decoration-color: initial; word-spacing: 0px;\">Sofreh: En persan, le mot signifie \u00ab nappe \u00bb\u00a0;\u00a0 ce tissage, souvent de format carr\u00e9, servait \u00e0 envelopper le pain. Tiss\u00e9 \u00e0 plat sur un m\u00e9tier horizontal avec des motifs brod\u00e9s (sumac) ou nou\u00e9s (tapis) propres \u00e0 chaque tribu.<\/p>\n<ul>\n<li>127&#215;127 (cm)<\/li>\n<li>Laine<\/li>\n<li>R\u00e9gion: Meymeh (sud-ouest d&#8217;Iran)<\/li>\n<li>Fin XIXe si\u00e8cle<\/li>\n<\/ul>\n","protected":false},"excerpt":{"rendered":"<p>Sofreh: En persan, le mot signifie \u00ab nappe \u00bb\u00a0;\u00a0 ce tissage, souvent de format carr\u00e9, servait \u00e0 envelopper le pain. Tiss\u00e9 \u00e0 plat sur un m\u00e9tier horizontal avec des motifs brod\u00e9s (sumac) ou nou\u00e9s (tapis) propres \u00e0 chaque tribu. 127&#215;127 (cm) Laine R\u00e9gion: Meymeh (sud-ouest d&#8217;Iran) Fin XIXe si\u00e8cle<\/p>\n","protected":false},"featured_media":10893,"template":"","meta":[],"product_brand":[],"product_cat":[47],"product_tag":[],"class_list":{"0":"post-612","1":"product","2":"type-product","3":"status-publish","4":"has-post-thumbnail","6":"product_cat-sofrehs","7":"entry","8":"has-media","10":"first","11":"instock","12":"shipping-taxable","13":"product-type-simple"},"yoast_head":"<!-- This site is optimized with the Yoast SEO plugin v27.4 - https:\/\/yoast.com\/product\/yoast-seo-wordpress\/ -->\n<title>3054: 127x127cm - L&#039;antichambre persane<\/title>\n<meta name=\"robots\" content=\"index, follow, max-snippet:-1, max-image-preview:large, max-video-preview:-1\" \/>\n<link rel=\"canonical\" href=\"https:\/\/lantichambrepersane.com\/en\/product\/sofreh-3054\/\" \/>\n<meta property=\"og:locale\" content=\"en_US\" \/>\n<meta property=\"og:type\" content=\"article\" \/>\n<meta property=\"og:title\" content=\"3054: 127x127cm - L&#039;antichambre persane\" \/>\n<meta property=\"og:description\" content=\"Sofreh: En persan, le mot signifie \u00ab nappe \u00bb\u00a0;\u00a0 ce tissage, souvent de format carr\u00e9, servait \u00e0 envelopper le pain. Tiss\u00e9 \u00e0 plat sur un m\u00e9tier horizontal avec des motifs brod\u00e9s (sumac) ou nou\u00e9s (tapis) propres \u00e0 chaque tribu. 127&#215;127 (cm) Laine R\u00e9gion: Meymeh (sud-ouest d&#8217;Iran) Fin XIXe si\u00e8cle\" \/>\n<meta property=\"og:url\" content=\"https:\/\/lantichambrepersane.com\/en\/product\/sofreh-3054\/\" \/>\n<meta property=\"og:site_name\" content=\"L&#039;antichambre persane\" \/>\n<meta property=\"article:publisher\" content=\"https:\/\/www.facebook.com\/lantichambrepersane75\" \/>\n<meta property=\"article:modified_time\" content=\"2023-10-26T10:17:44+00:00\" \/>\n<meta property=\"og:image\" content=\"https:\/\/lantichambrepersane.com\/wp-content\/uploads\/2023\/07\/3054.jpg\" \/>\n\t<meta property=\"og:image:width\" content=\"589\" \/>\n\t<meta property=\"og:image:height\" content=\"802\" \/>\n\t<meta property=\"og:image:type\" content=\"image\/jpeg\" \/>\n<meta name=\"twitter:card\" content=\"summary_large_image\" \/>\n<meta name=\"twitter:label1\" content=\"Est. reading time\" \/>\n\t<meta name=\"twitter:data1\" content=\"1 minute\" \/>\n<script type=\"application\/ld+json\" class=\"yoast-schema-graph\">{\"@context\":\"https:\\\/\\\/schema.org\",\"@graph\":[{\"@type\":\"WebPage\",\"@id\":\"https:\\\/\\\/lantichambrepersane.com\\\/en\\\/product\\\/sofreh-3054\\\/\",\"url\":\"https:\\\/\\\/lantichambrepersane.com\\\/en\\\/product\\\/sofreh-3054\\\/\",\"name\":\"3054: 127x127cm - L'antichambre persane\",\"isPartOf\":{\"@id\":\"https:\\\/\\\/lantichambrepersane.com\\\/en\\\/#website\"},\"primaryImageOfPage\":{\"@id\":\"https:\\\/\\\/lantichambrepersane.com\\\/en\\\/product\\\/sofreh-3054\\\/#primaryimage\"},\"image\":{\"@id\":\"https:\\\/\\\/lantichambrepersane.com\\\/en\\\/product\\\/sofreh-3054\\\/#primaryimage\"},\"thumbnailUrl\":\"https:\\\/\\\/lantichambrepersane.com\\\/wp-content\\\/uploads\\\/2023\\\/07\\\/3054.jpg\",\"datePublished\":\"2020-10-27T14:46:10+00:00\",\"dateModified\":\"2023-10-26T10:17:44+00:00\",\"breadcrumb\":{\"@id\":\"https:\\\/\\\/lantichambrepersane.com\\\/en\\\/product\\\/sofreh-3054\\\/#breadcrumb\"},\"inLanguage\":\"en-US\",\"potentialAction\":[{\"@type\":\"ReadAction\",\"target\":[\"https:\\\/\\\/lantichambrepersane.com\\\/en\\\/product\\\/sofreh-3054\\\/\"]}]},{\"@type\":\"ImageObject\",\"inLanguage\":\"en-US\",\"@id\":\"https:\\\/\\\/lantichambrepersane.com\\\/en\\\/product\\\/sofreh-3054\\\/#primaryimage\",\"url\":\"https:\\\/\\\/lantichambrepersane.com\\\/wp-content\\\/uploads\\\/2023\\\/07\\\/3054.jpg\",\"contentUrl\":\"https:\\\/\\\/lantichambrepersane.com\\\/wp-content\\\/uploads\\\/2023\\\/07\\\/3054.jpg\",\"width\":589,\"height\":802},{\"@type\":\"BreadcrumbList\",\"@id\":\"https:\\\/\\\/lantichambrepersane.com\\\/en\\\/product\\\/sofreh-3054\\\/#breadcrumb\",\"itemListElement\":[{\"@type\":\"ListItem\",\"position\":1,\"name\":\"Accueil\",\"item\":\"https:\\\/\\\/lantichambrepersane.com\\\/en\\\/\"},{\"@type\":\"ListItem\",\"position\":2,\"name\":\"Collection\",\"item\":\"https:\\\/\\\/lantichambrepersane.com\\\/en\\\/collection\\\/\"},{\"@type\":\"ListItem\",\"position\":3,\"name\":\"3054: 127x127cm\"}]},{\"@type\":\"WebSite\",\"@id\":\"https:\\\/\\\/lantichambrepersane.com\\\/en\\\/#website\",\"url\":\"https:\\\/\\\/lantichambrepersane.com\\\/en\\\/\",\"name\":\"L'antichambre persane\",\"description\":\"A&K, Marchand d\u2019objets & Menuisier sur-mesure\",\"publisher\":{\"@id\":\"https:\\\/\\\/lantichambrepersane.com\\\/en\\\/#organization\"},\"potentialAction\":[{\"@type\":\"SearchAction\",\"target\":{\"@type\":\"EntryPoint\",\"urlTemplate\":\"https:\\\/\\\/lantichambrepersane.com\\\/en\\\/?s={search_term_string}\"},\"query-input\":{\"@type\":\"PropertyValueSpecification\",\"valueRequired\":true,\"valueName\":\"search_term_string\"}}],\"inLanguage\":\"en-US\"},{\"@type\":\"Organization\",\"@id\":\"https:\\\/\\\/lantichambrepersane.com\\\/en\\\/#organization\",\"name\":\"L'antichambre persane\",\"url\":\"https:\\\/\\\/lantichambrepersane.com\\\/en\\\/\",\"logo\":{\"@type\":\"ImageObject\",\"inLanguage\":\"en-US\",\"@id\":\"https:\\\/\\\/lantichambrepersane.com\\\/en\\\/#\\\/schema\\\/logo\\\/image\\\/\",\"url\":\"https:\\\/\\\/lantichambrepersane.com\\\/wp-content\\\/uploads\\\/2020\\\/09\\\/LAntichambre-LogoHD-CARRE.jpg\",\"contentUrl\":\"https:\\\/\\\/lantichambrepersane.com\\\/wp-content\\\/uploads\\\/2020\\\/09\\\/LAntichambre-LogoHD-CARRE.jpg\",\"width\":525,\"height\":150,\"caption\":\"L'antichambre persane\"},\"image\":{\"@id\":\"https:\\\/\\\/lantichambrepersane.com\\\/en\\\/#\\\/schema\\\/logo\\\/image\\\/\"},\"sameAs\":[\"https:\\\/\\\/www.facebook.com\\\/lantichambrepersane75\"]}]}<\/script>\n<!-- \/ Yoast SEO plugin. -->","yoast_head_json":{"title":"3054: 127x127cm - L'antichambre persane","robots":{"index":"index","follow":"follow","max-snippet":"max-snippet:-1","max-image-preview":"max-image-preview:large","max-video-preview":"max-video-preview:-1"},"canonical":"https:\/\/lantichambrepersane.com\/en\/product\/sofreh-3054\/","og_locale":"en_US","og_type":"article","og_title":"3054: 127x127cm - L'antichambre persane","og_description":"Sofreh: En persan, le mot signifie \u00ab nappe \u00bb\u00a0;\u00a0 ce tissage, souvent de format carr\u00e9, servait \u00e0 envelopper le pain. Tiss\u00e9 \u00e0 plat sur un m\u00e9tier horizontal avec des motifs brod\u00e9s (sumac) ou nou\u00e9s (tapis) propres \u00e0 chaque tribu. 127&#215;127 (cm) Laine R\u00e9gion: Meymeh (sud-ouest d&#8217;Iran) Fin XIXe si\u00e8cle","og_url":"https:\/\/lantichambrepersane.com\/en\/product\/sofreh-3054\/","og_site_name":"L'antichambre persane","article_publisher":"https:\/\/www.facebook.com\/lantichambrepersane75","article_modified_time":"2023-10-26T10:17:44+00:00","og_image":[{"width":589,"height":802,"url":"https:\/\/lantichambrepersane.com\/wp-content\/uploads\/2023\/07\/3054.jpg","type":"image\/jpeg"}],"twitter_card":"summary_large_image","twitter_misc":{"Est. reading time":"1 minute"},"schema":{"@context":"https:\/\/schema.org","@graph":[{"@type":"WebPage","@id":"https:\/\/lantichambrepersane.com\/en\/product\/sofreh-3054\/","url":"https:\/\/lantichambrepersane.com\/en\/product\/sofreh-3054\/","name":"3054: 127x127cm - L'antichambre persane","isPartOf":{"@id":"https:\/\/lantichambrepersane.com\/en\/#website"},"primaryImageOfPage":{"@id":"https:\/\/lantichambrepersane.com\/en\/product\/sofreh-3054\/#primaryimage"},"image":{"@id":"https:\/\/lantichambrepersane.com\/en\/product\/sofreh-3054\/#primaryimage"},"thumbnailUrl":"https:\/\/lantichambrepersane.com\/wp-content\/uploads\/2023\/07\/3054.jpg","datePublished":"2020-10-27T14:46:10+00:00","dateModified":"2023-10-26T10:17:44+00:00","breadcrumb":{"@id":"https:\/\/lantichambrepersane.com\/en\/product\/sofreh-3054\/#breadcrumb"},"inLanguage":"en-US","potentialAction":[{"@type":"ReadAction","target":["https:\/\/lantichambrepersane.com\/en\/product\/sofreh-3054\/"]}]},{"@type":"ImageObject","inLanguage":"en-US","@id":"https:\/\/lantichambrepersane.com\/en\/product\/sofreh-3054\/#primaryimage","url":"https:\/\/lantichambrepersane.com\/wp-content\/uploads\/2023\/07\/3054.jpg","contentUrl":"https:\/\/lantichambrepersane.com\/wp-content\/uploads\/2023\/07\/3054.jpg","width":589,"height":802},{"@type":"BreadcrumbList","@id":"https:\/\/lantichambrepersane.com\/en\/product\/sofreh-3054\/#breadcrumb","itemListElement":[{"@type":"ListItem","position":1,"name":"Accueil","item":"https:\/\/lantichambrepersane.com\/en\/"},{"@type":"ListItem","position":2,"name":"Collection","item":"https:\/\/lantichambrepersane.com\/en\/collection\/"},{"@type":"ListItem","position":3,"name":"3054: 127x127cm"}]},{"@type":"WebSite","@id":"https:\/\/lantichambrepersane.com\/en\/#website","url":"https:\/\/lantichambrepersane.com\/en\/","name":"L'antichambre persane","description":"A&K, Marchand d\u2019objets & Menuisier sur-mesure","publisher":{"@id":"https:\/\/lantichambrepersane.com\/en\/#organization"},"potentialAction":[{"@type":"SearchAction","target":{"@type":"EntryPoint","urlTemplate":"https:\/\/lantichambrepersane.com\/en\/?s={search_term_string}"},"query-input":{"@type":"PropertyValueSpecification","valueRequired":true,"valueName":"search_term_string"}}],"inLanguage":"en-US"},{"@type":"Organization","@id":"https:\/\/lantichambrepersane.com\/en\/#organization","name":"L'antichambre persane","url":"https:\/\/lantichambrepersane.com\/en\/","logo":{"@type":"ImageObject","inLanguage":"en-US","@id":"https:\/\/lantichambrepersane.com\/en\/#\/schema\/logo\/image\/","url":"https:\/\/lantichambrepersane.com\/wp-content\/uploads\/2020\/09\/LAntichambre-LogoHD-CARRE.jpg","contentUrl":"https:\/\/lantichambrepersane.com\/wp-content\/uploads\/2020\/09\/LAntichambre-LogoHD-CARRE.jpg","width":525,"height":150,"caption":"L'antichambre persane"},"image":{"@id":"https:\/\/lantichambrepersane.com\/en\/#\/schema\/logo\/image\/"},"sameAs":["https:\/\/www.facebook.com\/lantichambrepersane75"]}]}},"_links":{"self":[{"href":"https:\/\/lantichambrepersane.com\/en\/wp-json\/wp\/v2\/product\/612","targetHints":{"allow":["GET"]}}],"collection":[{"href":"https:\/\/lantichambrepersane.com\/en\/wp-json\/wp\/v2\/product"}],"about":[{"href":"https:\/\/lantichambrepersane.com\/en\/wp-json\/wp\/v2\/types\/product"}],"wp:featuredmedia":[{"embeddable":true,"href":"https:\/\/lantichambrepersane.com\/en\/wp-json\/wp\/v2\/media\/10893"}],"wp:attachment":[{"href":"https:\/\/lantichambrepersane.com\/en\/wp-json\/wp\/v2\/media?parent=612"}],"wp:term":[{"taxonomy":"product_brand","embeddable":true,"href":"https:\/\/lantichambrepersane.com\/en\/wp-json\/wp\/v2\/product_brand?post=612"},{"taxonomy":"product_cat","embeddable":true,"href":"https:\/\/lantichambrepersane.com\/en\/wp-json\/wp\/v2\/product_cat?post=612"},{"taxonomy":"product_tag","embeddable":true,"href":"https:\/\/lantichambrepersane.com\/en\/wp-json\/wp\/v2\/product_tag?post=612"}],"curies":[{"name":"wp","href":"https:\/\/api.w.org\/{rel}","templated":true}]}}