{"id":5555,"date":"2022-05-02T17:34:11","date_gmt":"2022-05-02T17:34:11","guid":{"rendered":"https:\/\/lantichambrepe.wpengine.com\/?post_type=product&#038;p=5555"},"modified":"2023-05-17T17:16:20","modified_gmt":"2023-05-17T17:16:20","slug":"5555","status":"publish","type":"product","link":"https:\/\/lantichambrepersane.com\/en\/product\/5555\/","title":{"rendered":"3315: 178x160cm"},"content":{"rendered":"<p>Gabbeh: En Persan, le mot signifie \u00ab brut et naturel \u00bb ; c\u2019est un tapis nou\u00e9 \u00e0 la main avec un velours beaucoup plus \u00e9pais que les autres tapis. Les \u00ab\u00a0Gabbeh\u00a0\u00bb sont toujours faits par des nomades ou par des artisans install\u00e9s dans de petits villages.<\/p>\n<ul>\n<li>278\u00d7160 (cm)<\/li>\n<li>Laine<\/li>\n<li>R\u00e9gion: Bakhtiari\u00a0 (sud-ouest d\u2019Iran)<\/li>\n<li>Mi-XXe si\u00e8cle<\/li>\n<\/ul>\n","protected":false},"excerpt":{"rendered":"<p>Gabbeh: En Persan, le mot signifie \u00ab brut et naturel \u00bb ; c\u2019est un tapis nou\u00e9 \u00e0 la main avec un velours beaucoup plus \u00e9pais que les autres tapis. Les \u00ab\u00a0Gabbeh\u00a0\u00bb sont toujours faits par des nomades ou par des artisans install\u00e9s dans de petits villages. 278\u00d7160 (cm) Laine R\u00e9gion: Bakhtiari\u00a0 (sud-ouest d\u2019Iran) Mi-XXe si\u00e8cle<\/p>\n","protected":false},"featured_media":10270,"template":"","meta":[],"product_brand":[],"product_cat":[71],"product_tag":[],"class_list":{"0":"post-5555","1":"product","2":"type-product","3":"status-publish","4":"has-post-thumbnail","6":"product_cat-gabbehs","7":"entry","8":"has-media","10":"first","11":"instock","12":"shipping-taxable","13":"product-type-simple"},"yoast_head":"<!-- This site is optimized with the Yoast SEO plugin v27.5 - https:\/\/yoast.com\/product\/yoast-seo-wordpress\/ -->\n<title>3315: 178x160cm - L&#039;antichambre persane<\/title>\n<meta name=\"robots\" content=\"index, follow, max-snippet:-1, max-image-preview:large, max-video-preview:-1\" \/>\n<link rel=\"canonical\" href=\"https:\/\/lantichambrepersane.com\/en\/product\/5555\/\" \/>\n<meta property=\"og:locale\" content=\"en_US\" \/>\n<meta property=\"og:type\" content=\"article\" \/>\n<meta property=\"og:title\" content=\"3315: 178x160cm - L&#039;antichambre persane\" \/>\n<meta property=\"og:description\" content=\"Gabbeh: En Persan, le mot signifie \u00ab brut et naturel \u00bb ; c\u2019est un tapis nou\u00e9 \u00e0 la main avec un velours beaucoup plus \u00e9pais que les autres tapis. Les \u00ab\u00a0Gabbeh\u00a0\u00bb sont toujours faits par des nomades ou par des artisans install\u00e9s dans de petits villages. 278\u00d7160 (cm) Laine R\u00e9gion: Bakhtiari\u00a0 (sud-ouest d\u2019Iran) Mi-XXe si\u00e8cle\" \/>\n<meta property=\"og:url\" content=\"https:\/\/lantichambrepersane.com\/en\/product\/5555\/\" \/>\n<meta property=\"og:site_name\" content=\"L&#039;antichambre persane\" \/>\n<meta property=\"article:publisher\" content=\"https:\/\/www.facebook.com\/lantichambrepersane75\" \/>\n<meta property=\"article:modified_time\" content=\"2023-05-17T17:16:20+00:00\" \/>\n<meta property=\"og:image\" content=\"https:\/\/lantichambrepersane.com\/wp-content\/uploads\/2023\/04\/3315.jpg\" \/>\n\t<meta property=\"og:image:width\" content=\"589\" \/>\n\t<meta property=\"og:image:height\" content=\"802\" \/>\n\t<meta property=\"og:image:type\" content=\"image\/jpeg\" \/>\n<meta name=\"twitter:card\" content=\"summary_large_image\" \/>\n<script type=\"application\/ld+json\" class=\"yoast-schema-graph\">{\"@context\":\"https:\\\/\\\/schema.org\",\"@graph\":[{\"@type\":\"WebPage\",\"@id\":\"https:\\\/\\\/lantichambrepersane.com\\\/en\\\/product\\\/5555\\\/\",\"url\":\"https:\\\/\\\/lantichambrepersane.com\\\/en\\\/product\\\/5555\\\/\",\"name\":\"3315: 178x160cm - L'antichambre persane\",\"isPartOf\":{\"@id\":\"https:\\\/\\\/lantichambrepersane.com\\\/en\\\/#website\"},\"primaryImageOfPage\":{\"@id\":\"https:\\\/\\\/lantichambrepersane.com\\\/en\\\/product\\\/5555\\\/#primaryimage\"},\"image\":{\"@id\":\"https:\\\/\\\/lantichambrepersane.com\\\/en\\\/product\\\/5555\\\/#primaryimage\"},\"thumbnailUrl\":\"https:\\\/\\\/lantichambrepersane.com\\\/wp-content\\\/uploads\\\/2023\\\/04\\\/3315.jpg\",\"datePublished\":\"2022-05-02T17:34:11+00:00\",\"dateModified\":\"2023-05-17T17:16:20+00:00\",\"breadcrumb\":{\"@id\":\"https:\\\/\\\/lantichambrepersane.com\\\/en\\\/product\\\/5555\\\/#breadcrumb\"},\"inLanguage\":\"en-US\",\"potentialAction\":[{\"@type\":\"ReadAction\",\"target\":[\"https:\\\/\\\/lantichambrepersane.com\\\/en\\\/product\\\/5555\\\/\"]}]},{\"@type\":\"ImageObject\",\"inLanguage\":\"en-US\",\"@id\":\"https:\\\/\\\/lantichambrepersane.com\\\/en\\\/product\\\/5555\\\/#primaryimage\",\"url\":\"https:\\\/\\\/lantichambrepersane.com\\\/wp-content\\\/uploads\\\/2023\\\/04\\\/3315.jpg\",\"contentUrl\":\"https:\\\/\\\/lantichambrepersane.com\\\/wp-content\\\/uploads\\\/2023\\\/04\\\/3315.jpg\",\"width\":589,\"height\":802},{\"@type\":\"BreadcrumbList\",\"@id\":\"https:\\\/\\\/lantichambrepersane.com\\\/en\\\/product\\\/5555\\\/#breadcrumb\",\"itemListElement\":[{\"@type\":\"ListItem\",\"position\":1,\"name\":\"Accueil\",\"item\":\"https:\\\/\\\/lantichambrepersane.com\\\/en\\\/\"},{\"@type\":\"ListItem\",\"position\":2,\"name\":\"Collection\",\"item\":\"https:\\\/\\\/lantichambrepersane.com\\\/en\\\/collection\\\/\"},{\"@type\":\"ListItem\",\"position\":3,\"name\":\"3315: 178x160cm\"}]},{\"@type\":\"WebSite\",\"@id\":\"https:\\\/\\\/lantichambrepersane.com\\\/en\\\/#website\",\"url\":\"https:\\\/\\\/lantichambrepersane.com\\\/en\\\/\",\"name\":\"L'antichambre persane\",\"description\":\"A&K, Marchand d\u2019objets & Menuisier sur-mesure\",\"publisher\":{\"@id\":\"https:\\\/\\\/lantichambrepersane.com\\\/en\\\/#organization\"},\"potentialAction\":[{\"@type\":\"SearchAction\",\"target\":{\"@type\":\"EntryPoint\",\"urlTemplate\":\"https:\\\/\\\/lantichambrepersane.com\\\/en\\\/?s={search_term_string}\"},\"query-input\":{\"@type\":\"PropertyValueSpecification\",\"valueRequired\":true,\"valueName\":\"search_term_string\"}}],\"inLanguage\":\"en-US\"},{\"@type\":\"Organization\",\"@id\":\"https:\\\/\\\/lantichambrepersane.com\\\/en\\\/#organization\",\"name\":\"L'antichambre persane\",\"url\":\"https:\\\/\\\/lantichambrepersane.com\\\/en\\\/\",\"logo\":{\"@type\":\"ImageObject\",\"inLanguage\":\"en-US\",\"@id\":\"https:\\\/\\\/lantichambrepersane.com\\\/en\\\/#\\\/schema\\\/logo\\\/image\\\/\",\"url\":\"https:\\\/\\\/lantichambrepersane.com\\\/wp-content\\\/uploads\\\/2020\\\/09\\\/LAntichambre-LogoHD-CARRE.jpg\",\"contentUrl\":\"https:\\\/\\\/lantichambrepersane.com\\\/wp-content\\\/uploads\\\/2020\\\/09\\\/LAntichambre-LogoHD-CARRE.jpg\",\"width\":525,\"height\":150,\"caption\":\"L'antichambre persane\"},\"image\":{\"@id\":\"https:\\\/\\\/lantichambrepersane.com\\\/en\\\/#\\\/schema\\\/logo\\\/image\\\/\"},\"sameAs\":[\"https:\\\/\\\/www.facebook.com\\\/lantichambrepersane75\"]}]}<\/script>\n<!-- \/ Yoast SEO plugin. -->","yoast_head_json":{"title":"3315: 178x160cm - L'antichambre persane","robots":{"index":"index","follow":"follow","max-snippet":"max-snippet:-1","max-image-preview":"max-image-preview:large","max-video-preview":"max-video-preview:-1"},"canonical":"https:\/\/lantichambrepersane.com\/en\/product\/5555\/","og_locale":"en_US","og_type":"article","og_title":"3315: 178x160cm - L'antichambre persane","og_description":"Gabbeh: En Persan, le mot signifie \u00ab brut et naturel \u00bb ; c\u2019est un tapis nou\u00e9 \u00e0 la main avec un velours beaucoup plus \u00e9pais que les autres tapis. Les \u00ab\u00a0Gabbeh\u00a0\u00bb sont toujours faits par des nomades ou par des artisans install\u00e9s dans de petits villages. 278\u00d7160 (cm) Laine R\u00e9gion: Bakhtiari\u00a0 (sud-ouest d\u2019Iran) Mi-XXe si\u00e8cle","og_url":"https:\/\/lantichambrepersane.com\/en\/product\/5555\/","og_site_name":"L'antichambre persane","article_publisher":"https:\/\/www.facebook.com\/lantichambrepersane75","article_modified_time":"2023-05-17T17:16:20+00:00","og_image":[{"width":589,"height":802,"url":"https:\/\/lantichambrepersane.com\/wp-content\/uploads\/2023\/04\/3315.jpg","type":"image\/jpeg"}],"twitter_card":"summary_large_image","schema":{"@context":"https:\/\/schema.org","@graph":[{"@type":"WebPage","@id":"https:\/\/lantichambrepersane.com\/en\/product\/5555\/","url":"https:\/\/lantichambrepersane.com\/en\/product\/5555\/","name":"3315: 178x160cm - L'antichambre persane","isPartOf":{"@id":"https:\/\/lantichambrepersane.com\/en\/#website"},"primaryImageOfPage":{"@id":"https:\/\/lantichambrepersane.com\/en\/product\/5555\/#primaryimage"},"image":{"@id":"https:\/\/lantichambrepersane.com\/en\/product\/5555\/#primaryimage"},"thumbnailUrl":"https:\/\/lantichambrepersane.com\/wp-content\/uploads\/2023\/04\/3315.jpg","datePublished":"2022-05-02T17:34:11+00:00","dateModified":"2023-05-17T17:16:20+00:00","breadcrumb":{"@id":"https:\/\/lantichambrepersane.com\/en\/product\/5555\/#breadcrumb"},"inLanguage":"en-US","potentialAction":[{"@type":"ReadAction","target":["https:\/\/lantichambrepersane.com\/en\/product\/5555\/"]}]},{"@type":"ImageObject","inLanguage":"en-US","@id":"https:\/\/lantichambrepersane.com\/en\/product\/5555\/#primaryimage","url":"https:\/\/lantichambrepersane.com\/wp-content\/uploads\/2023\/04\/3315.jpg","contentUrl":"https:\/\/lantichambrepersane.com\/wp-content\/uploads\/2023\/04\/3315.jpg","width":589,"height":802},{"@type":"BreadcrumbList","@id":"https:\/\/lantichambrepersane.com\/en\/product\/5555\/#breadcrumb","itemListElement":[{"@type":"ListItem","position":1,"name":"Accueil","item":"https:\/\/lantichambrepersane.com\/en\/"},{"@type":"ListItem","position":2,"name":"Collection","item":"https:\/\/lantichambrepersane.com\/en\/collection\/"},{"@type":"ListItem","position":3,"name":"3315: 178x160cm"}]},{"@type":"WebSite","@id":"https:\/\/lantichambrepersane.com\/en\/#website","url":"https:\/\/lantichambrepersane.com\/en\/","name":"L'antichambre persane","description":"A&K, Marchand d\u2019objets & Menuisier sur-mesure","publisher":{"@id":"https:\/\/lantichambrepersane.com\/en\/#organization"},"potentialAction":[{"@type":"SearchAction","target":{"@type":"EntryPoint","urlTemplate":"https:\/\/lantichambrepersane.com\/en\/?s={search_term_string}"},"query-input":{"@type":"PropertyValueSpecification","valueRequired":true,"valueName":"search_term_string"}}],"inLanguage":"en-US"},{"@type":"Organization","@id":"https:\/\/lantichambrepersane.com\/en\/#organization","name":"L'antichambre persane","url":"https:\/\/lantichambrepersane.com\/en\/","logo":{"@type":"ImageObject","inLanguage":"en-US","@id":"https:\/\/lantichambrepersane.com\/en\/#\/schema\/logo\/image\/","url":"https:\/\/lantichambrepersane.com\/wp-content\/uploads\/2020\/09\/LAntichambre-LogoHD-CARRE.jpg","contentUrl":"https:\/\/lantichambrepersane.com\/wp-content\/uploads\/2020\/09\/LAntichambre-LogoHD-CARRE.jpg","width":525,"height":150,"caption":"L'antichambre persane"},"image":{"@id":"https:\/\/lantichambrepersane.com\/en\/#\/schema\/logo\/image\/"},"sameAs":["https:\/\/www.facebook.com\/lantichambrepersane75"]}]}},"_links":{"self":[{"href":"https:\/\/lantichambrepersane.com\/en\/wp-json\/wp\/v2\/product\/5555","targetHints":{"allow":["GET"]}}],"collection":[{"href":"https:\/\/lantichambrepersane.com\/en\/wp-json\/wp\/v2\/product"}],"about":[{"href":"https:\/\/lantichambrepersane.com\/en\/wp-json\/wp\/v2\/types\/product"}],"wp:featuredmedia":[{"embeddable":true,"href":"https:\/\/lantichambrepersane.com\/en\/wp-json\/wp\/v2\/media\/10270"}],"wp:attachment":[{"href":"https:\/\/lantichambrepersane.com\/en\/wp-json\/wp\/v2\/media?parent=5555"}],"wp:term":[{"taxonomy":"product_brand","embeddable":true,"href":"https:\/\/lantichambrepersane.com\/en\/wp-json\/wp\/v2\/product_brand?post=5555"},{"taxonomy":"product_cat","embeddable":true,"href":"https:\/\/lantichambrepersane.com\/en\/wp-json\/wp\/v2\/product_cat?post=5555"},{"taxonomy":"product_tag","embeddable":true,"href":"https:\/\/lantichambrepersane.com\/en\/wp-json\/wp\/v2\/product_tag?post=5555"}],"curies":[{"name":"wp","href":"https:\/\/api.w.org\/{rel}","templated":true}]}}