{"id":4537,"date":"2021-11-30T08:15:24","date_gmt":"2021-11-30T08:15:24","guid":{"rendered":"https:\/\/lantichambrepe.wpengine.com\/?post_type=product&#038;p=4537"},"modified":"2023-09-22T12:25:52","modified_gmt":"2023-09-22T12:25:52","slug":"suzani-270x135cm","status":"publish","type":"product","link":"https:\/\/lantichambrepersane.com\/en\/product\/suzani-270x135cm\/","title":{"rendered":"Suzani: 270x135cm"},"content":{"rendered":"<p><strong>Dimensions: 270&#215;135 (cm)<\/strong><\/p>\n<p><strong>VINTAGE<\/strong><\/p>\n<p>Deux amies f\u00e9rues d\u2019art et d&#8217;artisanat ont r\u00e9uni et restaur\u00e9 une collection de textiles provenant d\u2019Asie Centrale et d\u2019Iran. Cette collection de \u00ab Suzanis \u00bb a ainsi \u00e9t\u00e9 rassembl\u00e9e avec beaucoup de plaisir et d\u2019enthousiasme. <span style=\"letter-spacing: 0px;\">Le terme \u00ab suzani \u00bb, qui signifie \u00ab aiguille \u00bb en Persan, est aussi employ\u00e9 pour d\u00e9signer ces magnifiques pi\u00e8ces de broderie r\u00e9alis\u00e9es, pour la plupart, en Asie centrale, en Ouzb\u00e9kistan, au Tadjikistan et au Kazakhstan. <\/span><span style=\"letter-spacing: 0px;\">Les suzanis sont g\u00e9n\u00e9ralement compos\u00e9s de panneaux de coton (plus rarement, de soie) assembl\u00e9s puis brod\u00e9s de fils de soie ou de coton. Les plus anciens exemples qui nous sont parvenus sont datables du XVIIe si\u00e8cle. Ils \u00e9taient traditionnellement brod\u00e9s par les futures mari\u00e9es dans le cadre de leur dot et \u00e9taient pr\u00e9sent\u00e9s au mari\u00e9 le jour des noces. Leurs usages sont tr\u00e8s vari\u00e9s : nappes, rideaux, \u00e9dredons, tentures\u2026<\/span><\/p>\n<p><span style=\"color: #ff0000;\"><strong>750.00 \u20ac\u00a0<\/strong><\/span><\/p>\n<p><span style=\"color: #ff0000;\"><strong>Promotion 600.00 \u20ac<\/strong><\/span><\/p>\n","protected":false},"excerpt":{"rendered":"<p>Dimensions: 270&#215;135 (cm) VINTAGE Deux amies f\u00e9rues d\u2019art et d&#8217;artisanat ont r\u00e9uni et restaur\u00e9 une collection de textiles provenant d\u2019Asie Centrale et d\u2019Iran. Cette collection de \u00ab Suzanis \u00bb a ainsi \u00e9t\u00e9 rassembl\u00e9e avec beaucoup de plaisir et d\u2019enthousiasme. Le terme \u00ab suzani \u00bb, qui signifie \u00ab aiguille \u00bb en Persan, est aussi employ\u00e9 pour&hellip;<\/p>\n","protected":false},"featured_media":4506,"template":"","meta":[],"product_brand":[],"product_cat":[48,83],"product_tag":[],"class_list":{"0":"post-4537","1":"product","2":"type-product","3":"status-publish","4":"has-post-thumbnail","6":"product_cat-coussins-tissus","7":"product_cat-promotions","8":"entry","9":"has-media","11":"first","12":"instock","13":"shipping-taxable","14":"product-type-simple"},"yoast_head":"<!-- This site is optimized with the Yoast SEO plugin v27.6 - https:\/\/yoast.com\/product\/yoast-seo-wordpress\/ -->\n<title>Suzani: 270x135cm - L&#039;antichambre persane<\/title>\n<meta name=\"robots\" content=\"index, follow, max-snippet:-1, max-image-preview:large, max-video-preview:-1\" \/>\n<link rel=\"canonical\" href=\"https:\/\/lantichambrepersane.com\/en\/product\/suzani-270x135cm\/\" \/>\n<meta property=\"og:locale\" content=\"en_US\" \/>\n<meta property=\"og:type\" content=\"article\" \/>\n<meta property=\"og:title\" content=\"Suzani: 270x135cm - L&#039;antichambre persane\" \/>\n<meta property=\"og:description\" content=\"Dimensions: 270&#215;135 (cm) VINTAGE Deux amies f\u00e9rues d\u2019art et d&#8217;artisanat ont r\u00e9uni et restaur\u00e9 une collection de textiles provenant d\u2019Asie Centrale et d\u2019Iran. Cette collection de \u00ab Suzanis \u00bb a ainsi \u00e9t\u00e9 rassembl\u00e9e avec beaucoup de plaisir et d\u2019enthousiasme. Le terme \u00ab suzani \u00bb, qui signifie \u00ab aiguille \u00bb en Persan, est aussi employ\u00e9 pour&hellip;\" \/>\n<meta property=\"og:url\" content=\"https:\/\/lantichambrepersane.com\/en\/product\/suzani-270x135cm\/\" \/>\n<meta property=\"og:site_name\" content=\"L&#039;antichambre persane\" \/>\n<meta property=\"article:publisher\" content=\"https:\/\/www.facebook.com\/lantichambrepersane75\" \/>\n<meta property=\"article:modified_time\" content=\"2023-09-22T12:25:52+00:00\" \/>\n<meta property=\"og:image\" content=\"https:\/\/lantichambrepersane.com\/wp-content\/uploads\/2021\/11\/6215x190-1.jpg\" \/>\n\t<meta property=\"og:image:width\" content=\"589\" \/>\n\t<meta property=\"og:image:height\" content=\"802\" \/>\n\t<meta property=\"og:image:type\" content=\"image\/jpeg\" \/>\n<meta name=\"twitter:card\" content=\"summary_large_image\" \/>\n<meta name=\"twitter:label1\" content=\"Est. reading time\" \/>\n\t<meta name=\"twitter:data1\" content=\"1 minute\" \/>\n<script type=\"application\/ld+json\" class=\"yoast-schema-graph\">{\"@context\":\"https:\\\/\\\/schema.org\",\"@graph\":[{\"@type\":\"WebPage\",\"@id\":\"https:\\\/\\\/lantichambrepersane.com\\\/en\\\/product\\\/suzani-270x135cm\\\/\",\"url\":\"https:\\\/\\\/lantichambrepersane.com\\\/en\\\/product\\\/suzani-270x135cm\\\/\",\"name\":\"Suzani: 270x135cm - L'antichambre persane\",\"isPartOf\":{\"@id\":\"https:\\\/\\\/lantichambrepersane.com\\\/en\\\/#website\"},\"primaryImageOfPage\":{\"@id\":\"https:\\\/\\\/lantichambrepersane.com\\\/en\\\/product\\\/suzani-270x135cm\\\/#primaryimage\"},\"image\":{\"@id\":\"https:\\\/\\\/lantichambrepersane.com\\\/en\\\/product\\\/suzani-270x135cm\\\/#primaryimage\"},\"thumbnailUrl\":\"https:\\\/\\\/lantichambrepersane.com\\\/wp-content\\\/uploads\\\/2021\\\/11\\\/6215x190-1.jpg\",\"datePublished\":\"2021-11-30T08:15:24+00:00\",\"dateModified\":\"2023-09-22T12:25:52+00:00\",\"breadcrumb\":{\"@id\":\"https:\\\/\\\/lantichambrepersane.com\\\/en\\\/product\\\/suzani-270x135cm\\\/#breadcrumb\"},\"inLanguage\":\"en-US\",\"potentialAction\":[{\"@type\":\"ReadAction\",\"target\":[\"https:\\\/\\\/lantichambrepersane.com\\\/en\\\/product\\\/suzani-270x135cm\\\/\"]}]},{\"@type\":\"ImageObject\",\"inLanguage\":\"en-US\",\"@id\":\"https:\\\/\\\/lantichambrepersane.com\\\/en\\\/product\\\/suzani-270x135cm\\\/#primaryimage\",\"url\":\"https:\\\/\\\/lantichambrepersane.com\\\/wp-content\\\/uploads\\\/2021\\\/11\\\/6215x190-1.jpg\",\"contentUrl\":\"https:\\\/\\\/lantichambrepersane.com\\\/wp-content\\\/uploads\\\/2021\\\/11\\\/6215x190-1.jpg\",\"width\":589,\"height\":802},{\"@type\":\"BreadcrumbList\",\"@id\":\"https:\\\/\\\/lantichambrepersane.com\\\/en\\\/product\\\/suzani-270x135cm\\\/#breadcrumb\",\"itemListElement\":[{\"@type\":\"ListItem\",\"position\":1,\"name\":\"Accueil\",\"item\":\"https:\\\/\\\/lantichambrepersane.com\\\/en\\\/\"},{\"@type\":\"ListItem\",\"position\":2,\"name\":\"Collection\",\"item\":\"https:\\\/\\\/lantichambrepersane.com\\\/en\\\/collection\\\/\"},{\"@type\":\"ListItem\",\"position\":3,\"name\":\"Suzani: 270x135cm\"}]},{\"@type\":\"WebSite\",\"@id\":\"https:\\\/\\\/lantichambrepersane.com\\\/en\\\/#website\",\"url\":\"https:\\\/\\\/lantichambrepersane.com\\\/en\\\/\",\"name\":\"L'antichambre persane\",\"description\":\"A&K, Marchand d\u2019objets & Menuisier sur-mesure\",\"publisher\":{\"@id\":\"https:\\\/\\\/lantichambrepersane.com\\\/en\\\/#organization\"},\"potentialAction\":[{\"@type\":\"SearchAction\",\"target\":{\"@type\":\"EntryPoint\",\"urlTemplate\":\"https:\\\/\\\/lantichambrepersane.com\\\/en\\\/?s={search_term_string}\"},\"query-input\":{\"@type\":\"PropertyValueSpecification\",\"valueRequired\":true,\"valueName\":\"search_term_string\"}}],\"inLanguage\":\"en-US\"},{\"@type\":\"Organization\",\"@id\":\"https:\\\/\\\/lantichambrepersane.com\\\/en\\\/#organization\",\"name\":\"L'antichambre persane\",\"url\":\"https:\\\/\\\/lantichambrepersane.com\\\/en\\\/\",\"logo\":{\"@type\":\"ImageObject\",\"inLanguage\":\"en-US\",\"@id\":\"https:\\\/\\\/lantichambrepersane.com\\\/en\\\/#\\\/schema\\\/logo\\\/image\\\/\",\"url\":\"https:\\\/\\\/lantichambrepersane.com\\\/wp-content\\\/uploads\\\/2020\\\/09\\\/LAntichambre-LogoHD-CARRE.jpg\",\"contentUrl\":\"https:\\\/\\\/lantichambrepersane.com\\\/wp-content\\\/uploads\\\/2020\\\/09\\\/LAntichambre-LogoHD-CARRE.jpg\",\"width\":525,\"height\":150,\"caption\":\"L'antichambre persane\"},\"image\":{\"@id\":\"https:\\\/\\\/lantichambrepersane.com\\\/en\\\/#\\\/schema\\\/logo\\\/image\\\/\"},\"sameAs\":[\"https:\\\/\\\/www.facebook.com\\\/lantichambrepersane75\"]}]}<\/script>\n<!-- \/ Yoast SEO plugin. -->","yoast_head_json":{"title":"Suzani: 270x135cm - L'antichambre persane","robots":{"index":"index","follow":"follow","max-snippet":"max-snippet:-1","max-image-preview":"max-image-preview:large","max-video-preview":"max-video-preview:-1"},"canonical":"https:\/\/lantichambrepersane.com\/en\/product\/suzani-270x135cm\/","og_locale":"en_US","og_type":"article","og_title":"Suzani: 270x135cm - L'antichambre persane","og_description":"Dimensions: 270&#215;135 (cm) VINTAGE Deux amies f\u00e9rues d\u2019art et d&#8217;artisanat ont r\u00e9uni et restaur\u00e9 une collection de textiles provenant d\u2019Asie Centrale et d\u2019Iran. Cette collection de \u00ab Suzanis \u00bb a ainsi \u00e9t\u00e9 rassembl\u00e9e avec beaucoup de plaisir et d\u2019enthousiasme. Le terme \u00ab suzani \u00bb, qui signifie \u00ab aiguille \u00bb en Persan, est aussi employ\u00e9 pour&hellip;","og_url":"https:\/\/lantichambrepersane.com\/en\/product\/suzani-270x135cm\/","og_site_name":"L'antichambre persane","article_publisher":"https:\/\/www.facebook.com\/lantichambrepersane75","article_modified_time":"2023-09-22T12:25:52+00:00","og_image":[{"width":589,"height":802,"url":"https:\/\/lantichambrepersane.com\/wp-content\/uploads\/2021\/11\/6215x190-1.jpg","type":"image\/jpeg"}],"twitter_card":"summary_large_image","twitter_misc":{"Est. reading time":"1 minute"},"schema":{"@context":"https:\/\/schema.org","@graph":[{"@type":"WebPage","@id":"https:\/\/lantichambrepersane.com\/en\/product\/suzani-270x135cm\/","url":"https:\/\/lantichambrepersane.com\/en\/product\/suzani-270x135cm\/","name":"Suzani: 270x135cm - L'antichambre persane","isPartOf":{"@id":"https:\/\/lantichambrepersane.com\/en\/#website"},"primaryImageOfPage":{"@id":"https:\/\/lantichambrepersane.com\/en\/product\/suzani-270x135cm\/#primaryimage"},"image":{"@id":"https:\/\/lantichambrepersane.com\/en\/product\/suzani-270x135cm\/#primaryimage"},"thumbnailUrl":"https:\/\/lantichambrepersane.com\/wp-content\/uploads\/2021\/11\/6215x190-1.jpg","datePublished":"2021-11-30T08:15:24+00:00","dateModified":"2023-09-22T12:25:52+00:00","breadcrumb":{"@id":"https:\/\/lantichambrepersane.com\/en\/product\/suzani-270x135cm\/#breadcrumb"},"inLanguage":"en-US","potentialAction":[{"@type":"ReadAction","target":["https:\/\/lantichambrepersane.com\/en\/product\/suzani-270x135cm\/"]}]},{"@type":"ImageObject","inLanguage":"en-US","@id":"https:\/\/lantichambrepersane.com\/en\/product\/suzani-270x135cm\/#primaryimage","url":"https:\/\/lantichambrepersane.com\/wp-content\/uploads\/2021\/11\/6215x190-1.jpg","contentUrl":"https:\/\/lantichambrepersane.com\/wp-content\/uploads\/2021\/11\/6215x190-1.jpg","width":589,"height":802},{"@type":"BreadcrumbList","@id":"https:\/\/lantichambrepersane.com\/en\/product\/suzani-270x135cm\/#breadcrumb","itemListElement":[{"@type":"ListItem","position":1,"name":"Accueil","item":"https:\/\/lantichambrepersane.com\/en\/"},{"@type":"ListItem","position":2,"name":"Collection","item":"https:\/\/lantichambrepersane.com\/en\/collection\/"},{"@type":"ListItem","position":3,"name":"Suzani: 270x135cm"}]},{"@type":"WebSite","@id":"https:\/\/lantichambrepersane.com\/en\/#website","url":"https:\/\/lantichambrepersane.com\/en\/","name":"L'antichambre persane","description":"A&K, Marchand d\u2019objets & Menuisier sur-mesure","publisher":{"@id":"https:\/\/lantichambrepersane.com\/en\/#organization"},"potentialAction":[{"@type":"SearchAction","target":{"@type":"EntryPoint","urlTemplate":"https:\/\/lantichambrepersane.com\/en\/?s={search_term_string}"},"query-input":{"@type":"PropertyValueSpecification","valueRequired":true,"valueName":"search_term_string"}}],"inLanguage":"en-US"},{"@type":"Organization","@id":"https:\/\/lantichambrepersane.com\/en\/#organization","name":"L'antichambre persane","url":"https:\/\/lantichambrepersane.com\/en\/","logo":{"@type":"ImageObject","inLanguage":"en-US","@id":"https:\/\/lantichambrepersane.com\/en\/#\/schema\/logo\/image\/","url":"https:\/\/lantichambrepersane.com\/wp-content\/uploads\/2020\/09\/LAntichambre-LogoHD-CARRE.jpg","contentUrl":"https:\/\/lantichambrepersane.com\/wp-content\/uploads\/2020\/09\/LAntichambre-LogoHD-CARRE.jpg","width":525,"height":150,"caption":"L'antichambre persane"},"image":{"@id":"https:\/\/lantichambrepersane.com\/en\/#\/schema\/logo\/image\/"},"sameAs":["https:\/\/www.facebook.com\/lantichambrepersane75"]}]}},"_links":{"self":[{"href":"https:\/\/lantichambrepersane.com\/en\/wp-json\/wp\/v2\/product\/4537","targetHints":{"allow":["GET"]}}],"collection":[{"href":"https:\/\/lantichambrepersane.com\/en\/wp-json\/wp\/v2\/product"}],"about":[{"href":"https:\/\/lantichambrepersane.com\/en\/wp-json\/wp\/v2\/types\/product"}],"wp:featuredmedia":[{"embeddable":true,"href":"https:\/\/lantichambrepersane.com\/en\/wp-json\/wp\/v2\/media\/4506"}],"wp:attachment":[{"href":"https:\/\/lantichambrepersane.com\/en\/wp-json\/wp\/v2\/media?parent=4537"}],"wp:term":[{"taxonomy":"product_brand","embeddable":true,"href":"https:\/\/lantichambrepersane.com\/en\/wp-json\/wp\/v2\/product_brand?post=4537"},{"taxonomy":"product_cat","embeddable":true,"href":"https:\/\/lantichambrepersane.com\/en\/wp-json\/wp\/v2\/product_cat?post=4537"},{"taxonomy":"product_tag","embeddable":true,"href":"https:\/\/lantichambrepersane.com\/en\/wp-json\/wp\/v2\/product_tag?post=4537"}],"curies":[{"name":"wp","href":"https:\/\/api.w.org\/{rel}","templated":true}]}}