{"id":12824,"date":"2025-09-18T12:21:13","date_gmt":"2025-09-18T12:21:13","guid":{"rendered":"https:\/\/lantichambrepersane.com\/?post_type=product&#038;p=12824"},"modified":"2025-09-18T12:21:13","modified_gmt":"2025-09-18T12:21:13","slug":"5093-155x148cm","status":"publish","type":"product","link":"https:\/\/lantichambrepersane.com\/en\/product\/5093-155x148cm\/","title":{"rendered":"5093: 155x148cm"},"content":{"rendered":"<p>Khorgin: Le mot signifie \u00ab petit sac \u00bb. Ce type de sac servait \u00e0 transporter des effets personnels, tiss\u00e9 \u00e0 plat sur m\u00e9tier horizontal avec des parties nou\u00e9es selon la technique du tapis, afin de renforcer le tissage et des parties brod\u00e9es (sumac) pour cr\u00e9er des motifs propres \u00e0 chaque tribu\u00a0; il est ici d\u00e9cousu puis ouvert.<\/p>\n<ul>\n<li>155\u00d748 (cm)<\/li>\n<li>Laine et coton<\/li>\n<li>R\u00e9gion: Bakhtiari (sud-est d\u2019Iran)<\/li>\n<li>D\u00e9but XXe si\u00e8cle<\/li>\n<\/ul>\n","protected":false},"excerpt":{"rendered":"<p>Khorgin: Le mot signifie \u00ab petit sac \u00bb. Ce type de sac servait \u00e0 transporter des effets personnels, tiss\u00e9 \u00e0 plat sur m\u00e9tier horizontal avec des parties nou\u00e9es selon la technique du tapis, afin de renforcer le tissage et des parties brod\u00e9es (sumac) pour cr\u00e9er des motifs propres \u00e0 chaque tribu\u00a0; il est ici d\u00e9cousu&hellip;<\/p>\n","protected":false},"featured_media":12816,"template":"","meta":[],"product_brand":[],"product_cat":[46],"product_tag":[],"class_list":{"0":"post-12824","1":"product","2":"type-product","3":"status-publish","4":"has-post-thumbnail","6":"product_cat-tachehs-khorgins","7":"entry","8":"has-media","10":"first","11":"instock","12":"shipping-taxable","13":"product-type-simple"},"yoast_head":"<!-- This site is optimized with the Yoast SEO plugin v27.4 - https:\/\/yoast.com\/product\/yoast-seo-wordpress\/ -->\n<title>5093: 155x148cm - L&#039;antichambre persane<\/title>\n<meta name=\"robots\" content=\"index, follow, max-snippet:-1, max-image-preview:large, max-video-preview:-1\" \/>\n<link rel=\"canonical\" href=\"https:\/\/lantichambrepersane.com\/en\/product\/5093-155x148cm\/\" \/>\n<meta property=\"og:locale\" content=\"en_US\" \/>\n<meta property=\"og:type\" content=\"article\" \/>\n<meta property=\"og:title\" content=\"5093: 155x148cm - L&#039;antichambre persane\" \/>\n<meta property=\"og:description\" content=\"Khorgin: Le mot signifie \u00ab petit sac \u00bb. Ce type de sac servait \u00e0 transporter des effets personnels, tiss\u00e9 \u00e0 plat sur m\u00e9tier horizontal avec des parties nou\u00e9es selon la technique du tapis, afin de renforcer le tissage et des parties brod\u00e9es (sumac) pour cr\u00e9er des motifs propres \u00e0 chaque tribu\u00a0; il est ici d\u00e9cousu&hellip;\" \/>\n<meta property=\"og:url\" content=\"https:\/\/lantichambrepersane.com\/en\/product\/5093-155x148cm\/\" \/>\n<meta property=\"og:site_name\" content=\"L&#039;antichambre persane\" \/>\n<meta property=\"article:publisher\" content=\"https:\/\/www.facebook.com\/lantichambrepersane75\" \/>\n<meta property=\"og:image\" content=\"https:\/\/lantichambrepersane.com\/wp-content\/uploads\/2025\/09\/5093.jpg\" \/>\n\t<meta property=\"og:image:width\" content=\"589\" \/>\n\t<meta property=\"og:image:height\" content=\"802\" \/>\n\t<meta property=\"og:image:type\" content=\"image\/jpeg\" \/>\n<meta name=\"twitter:card\" content=\"summary_large_image\" \/>\n<meta name=\"twitter:label1\" content=\"Est. reading time\" \/>\n\t<meta name=\"twitter:data1\" content=\"1 minute\" \/>\n<script type=\"application\/ld+json\" class=\"yoast-schema-graph\">{\"@context\":\"https:\\\/\\\/schema.org\",\"@graph\":[{\"@type\":\"WebPage\",\"@id\":\"https:\\\/\\\/lantichambrepersane.com\\\/en\\\/product\\\/5093-155x148cm\\\/\",\"url\":\"https:\\\/\\\/lantichambrepersane.com\\\/en\\\/product\\\/5093-155x148cm\\\/\",\"name\":\"5093: 155x148cm - L'antichambre persane\",\"isPartOf\":{\"@id\":\"https:\\\/\\\/lantichambrepersane.com\\\/en\\\/#website\"},\"primaryImageOfPage\":{\"@id\":\"https:\\\/\\\/lantichambrepersane.com\\\/en\\\/product\\\/5093-155x148cm\\\/#primaryimage\"},\"image\":{\"@id\":\"https:\\\/\\\/lantichambrepersane.com\\\/en\\\/product\\\/5093-155x148cm\\\/#primaryimage\"},\"thumbnailUrl\":\"https:\\\/\\\/lantichambrepersane.com\\\/wp-content\\\/uploads\\\/2025\\\/09\\\/5093.jpg\",\"datePublished\":\"2025-09-18T12:21:13+00:00\",\"breadcrumb\":{\"@id\":\"https:\\\/\\\/lantichambrepersane.com\\\/en\\\/product\\\/5093-155x148cm\\\/#breadcrumb\"},\"inLanguage\":\"en-US\",\"potentialAction\":[{\"@type\":\"ReadAction\",\"target\":[\"https:\\\/\\\/lantichambrepersane.com\\\/en\\\/product\\\/5093-155x148cm\\\/\"]}]},{\"@type\":\"ImageObject\",\"inLanguage\":\"en-US\",\"@id\":\"https:\\\/\\\/lantichambrepersane.com\\\/en\\\/product\\\/5093-155x148cm\\\/#primaryimage\",\"url\":\"https:\\\/\\\/lantichambrepersane.com\\\/wp-content\\\/uploads\\\/2025\\\/09\\\/5093.jpg\",\"contentUrl\":\"https:\\\/\\\/lantichambrepersane.com\\\/wp-content\\\/uploads\\\/2025\\\/09\\\/5093.jpg\",\"width\":589,\"height\":802},{\"@type\":\"BreadcrumbList\",\"@id\":\"https:\\\/\\\/lantichambrepersane.com\\\/en\\\/product\\\/5093-155x148cm\\\/#breadcrumb\",\"itemListElement\":[{\"@type\":\"ListItem\",\"position\":1,\"name\":\"Accueil\",\"item\":\"https:\\\/\\\/lantichambrepersane.com\\\/en\\\/\"},{\"@type\":\"ListItem\",\"position\":2,\"name\":\"Collection\",\"item\":\"https:\\\/\\\/lantichambrepersane.com\\\/en\\\/collection\\\/\"},{\"@type\":\"ListItem\",\"position\":3,\"name\":\"5093: 155x148cm\"}]},{\"@type\":\"WebSite\",\"@id\":\"https:\\\/\\\/lantichambrepersane.com\\\/en\\\/#website\",\"url\":\"https:\\\/\\\/lantichambrepersane.com\\\/en\\\/\",\"name\":\"L'antichambre persane\",\"description\":\"A&K, Marchand d\u2019objets & Menuisier sur-mesure\",\"publisher\":{\"@id\":\"https:\\\/\\\/lantichambrepersane.com\\\/en\\\/#organization\"},\"potentialAction\":[{\"@type\":\"SearchAction\",\"target\":{\"@type\":\"EntryPoint\",\"urlTemplate\":\"https:\\\/\\\/lantichambrepersane.com\\\/en\\\/?s={search_term_string}\"},\"query-input\":{\"@type\":\"PropertyValueSpecification\",\"valueRequired\":true,\"valueName\":\"search_term_string\"}}],\"inLanguage\":\"en-US\"},{\"@type\":\"Organization\",\"@id\":\"https:\\\/\\\/lantichambrepersane.com\\\/en\\\/#organization\",\"name\":\"L'antichambre persane\",\"url\":\"https:\\\/\\\/lantichambrepersane.com\\\/en\\\/\",\"logo\":{\"@type\":\"ImageObject\",\"inLanguage\":\"en-US\",\"@id\":\"https:\\\/\\\/lantichambrepersane.com\\\/en\\\/#\\\/schema\\\/logo\\\/image\\\/\",\"url\":\"https:\\\/\\\/lantichambrepersane.com\\\/wp-content\\\/uploads\\\/2020\\\/09\\\/LAntichambre-LogoHD-CARRE.jpg\",\"contentUrl\":\"https:\\\/\\\/lantichambrepersane.com\\\/wp-content\\\/uploads\\\/2020\\\/09\\\/LAntichambre-LogoHD-CARRE.jpg\",\"width\":525,\"height\":150,\"caption\":\"L'antichambre persane\"},\"image\":{\"@id\":\"https:\\\/\\\/lantichambrepersane.com\\\/en\\\/#\\\/schema\\\/logo\\\/image\\\/\"},\"sameAs\":[\"https:\\\/\\\/www.facebook.com\\\/lantichambrepersane75\"]}]}<\/script>\n<!-- \/ Yoast SEO plugin. -->","yoast_head_json":{"title":"5093: 155x148cm - L'antichambre persane","robots":{"index":"index","follow":"follow","max-snippet":"max-snippet:-1","max-image-preview":"max-image-preview:large","max-video-preview":"max-video-preview:-1"},"canonical":"https:\/\/lantichambrepersane.com\/en\/product\/5093-155x148cm\/","og_locale":"en_US","og_type":"article","og_title":"5093: 155x148cm - L'antichambre persane","og_description":"Khorgin: Le mot signifie \u00ab petit sac \u00bb. Ce type de sac servait \u00e0 transporter des effets personnels, tiss\u00e9 \u00e0 plat sur m\u00e9tier horizontal avec des parties nou\u00e9es selon la technique du tapis, afin de renforcer le tissage et des parties brod\u00e9es (sumac) pour cr\u00e9er des motifs propres \u00e0 chaque tribu\u00a0; il est ici d\u00e9cousu&hellip;","og_url":"https:\/\/lantichambrepersane.com\/en\/product\/5093-155x148cm\/","og_site_name":"L'antichambre persane","article_publisher":"https:\/\/www.facebook.com\/lantichambrepersane75","og_image":[{"width":589,"height":802,"url":"https:\/\/lantichambrepersane.com\/wp-content\/uploads\/2025\/09\/5093.jpg","type":"image\/jpeg"}],"twitter_card":"summary_large_image","twitter_misc":{"Est. reading time":"1 minute"},"schema":{"@context":"https:\/\/schema.org","@graph":[{"@type":"WebPage","@id":"https:\/\/lantichambrepersane.com\/en\/product\/5093-155x148cm\/","url":"https:\/\/lantichambrepersane.com\/en\/product\/5093-155x148cm\/","name":"5093: 155x148cm - L'antichambre persane","isPartOf":{"@id":"https:\/\/lantichambrepersane.com\/en\/#website"},"primaryImageOfPage":{"@id":"https:\/\/lantichambrepersane.com\/en\/product\/5093-155x148cm\/#primaryimage"},"image":{"@id":"https:\/\/lantichambrepersane.com\/en\/product\/5093-155x148cm\/#primaryimage"},"thumbnailUrl":"https:\/\/lantichambrepersane.com\/wp-content\/uploads\/2025\/09\/5093.jpg","datePublished":"2025-09-18T12:21:13+00:00","breadcrumb":{"@id":"https:\/\/lantichambrepersane.com\/en\/product\/5093-155x148cm\/#breadcrumb"},"inLanguage":"en-US","potentialAction":[{"@type":"ReadAction","target":["https:\/\/lantichambrepersane.com\/en\/product\/5093-155x148cm\/"]}]},{"@type":"ImageObject","inLanguage":"en-US","@id":"https:\/\/lantichambrepersane.com\/en\/product\/5093-155x148cm\/#primaryimage","url":"https:\/\/lantichambrepersane.com\/wp-content\/uploads\/2025\/09\/5093.jpg","contentUrl":"https:\/\/lantichambrepersane.com\/wp-content\/uploads\/2025\/09\/5093.jpg","width":589,"height":802},{"@type":"BreadcrumbList","@id":"https:\/\/lantichambrepersane.com\/en\/product\/5093-155x148cm\/#breadcrumb","itemListElement":[{"@type":"ListItem","position":1,"name":"Accueil","item":"https:\/\/lantichambrepersane.com\/en\/"},{"@type":"ListItem","position":2,"name":"Collection","item":"https:\/\/lantichambrepersane.com\/en\/collection\/"},{"@type":"ListItem","position":3,"name":"5093: 155x148cm"}]},{"@type":"WebSite","@id":"https:\/\/lantichambrepersane.com\/en\/#website","url":"https:\/\/lantichambrepersane.com\/en\/","name":"L'antichambre persane","description":"A&K, Marchand d\u2019objets & Menuisier sur-mesure","publisher":{"@id":"https:\/\/lantichambrepersane.com\/en\/#organization"},"potentialAction":[{"@type":"SearchAction","target":{"@type":"EntryPoint","urlTemplate":"https:\/\/lantichambrepersane.com\/en\/?s={search_term_string}"},"query-input":{"@type":"PropertyValueSpecification","valueRequired":true,"valueName":"search_term_string"}}],"inLanguage":"en-US"},{"@type":"Organization","@id":"https:\/\/lantichambrepersane.com\/en\/#organization","name":"L'antichambre persane","url":"https:\/\/lantichambrepersane.com\/en\/","logo":{"@type":"ImageObject","inLanguage":"en-US","@id":"https:\/\/lantichambrepersane.com\/en\/#\/schema\/logo\/image\/","url":"https:\/\/lantichambrepersane.com\/wp-content\/uploads\/2020\/09\/LAntichambre-LogoHD-CARRE.jpg","contentUrl":"https:\/\/lantichambrepersane.com\/wp-content\/uploads\/2020\/09\/LAntichambre-LogoHD-CARRE.jpg","width":525,"height":150,"caption":"L'antichambre persane"},"image":{"@id":"https:\/\/lantichambrepersane.com\/en\/#\/schema\/logo\/image\/"},"sameAs":["https:\/\/www.facebook.com\/lantichambrepersane75"]}]}},"_links":{"self":[{"href":"https:\/\/lantichambrepersane.com\/en\/wp-json\/wp\/v2\/product\/12824","targetHints":{"allow":["GET"]}}],"collection":[{"href":"https:\/\/lantichambrepersane.com\/en\/wp-json\/wp\/v2\/product"}],"about":[{"href":"https:\/\/lantichambrepersane.com\/en\/wp-json\/wp\/v2\/types\/product"}],"wp:featuredmedia":[{"embeddable":true,"href":"https:\/\/lantichambrepersane.com\/en\/wp-json\/wp\/v2\/media\/12816"}],"wp:attachment":[{"href":"https:\/\/lantichambrepersane.com\/en\/wp-json\/wp\/v2\/media?parent=12824"}],"wp:term":[{"taxonomy":"product_brand","embeddable":true,"href":"https:\/\/lantichambrepersane.com\/en\/wp-json\/wp\/v2\/product_brand?post=12824"},{"taxonomy":"product_cat","embeddable":true,"href":"https:\/\/lantichambrepersane.com\/en\/wp-json\/wp\/v2\/product_cat?post=12824"},{"taxonomy":"product_tag","embeddable":true,"href":"https:\/\/lantichambrepersane.com\/en\/wp-json\/wp\/v2\/product_tag?post=12824"}],"curies":[{"name":"wp","href":"https:\/\/api.w.org\/{rel}","templated":true}]}}