{"id":12537,"date":"2024-10-09T12:03:53","date_gmt":"2024-10-09T12:03:53","guid":{"rendered":"https:\/\/lantichambrepersane.com\/?post_type=product&#038;p=12537"},"modified":"2025-08-26T08:07:14","modified_gmt":"2025-08-26T08:07:14","slug":"3069-115x110cm","status":"publish","type":"product","link":"https:\/\/lantichambrepersane.com\/en\/product\/3069-115x110cm\/","title":{"rendered":"3069: 115x110cm"},"content":{"rendered":"<p class=\"yiv2451068954ydp26541femsonormal\">Sofreh: En persan, le mot signifie \u00ab nappe \u00bb\u00a0;\u00a0 ce tissage, souvent de format carr\u00e9, servait \u00e0 envelopper le pain. Tiss\u00e9 \u00e0 plat sur un m\u00e9tier horizontal avec des motifs brod\u00e9s (sumac) ou nou\u00e9s (tapis) propres \u00e0 chaque tribu.<\/p>\n<ul>\n<li>115\u00d7110 (cm)<\/li>\n<li>Laine et coton<\/li>\n<li>R\u00e9gion: Kamo (sud-ouest d\u2019Iran)<\/li>\n<li>D\u00e9but XXe si\u00e8cle<\/li>\n<\/ul>\n<p><span style=\"color: #ff0000;\"><strong>1500.00 \u20ac<\/strong><\/span><\/p>\n<p><span style=\"color: #ff0000;\"><strong>Promotion 700.00 \u20ac<\/strong><\/span><\/p>\n","protected":false},"excerpt":{"rendered":"<p>Sofreh: En persan, le mot signifie \u00ab nappe \u00bb\u00a0;\u00a0 ce tissage, souvent de format carr\u00e9, servait \u00e0 envelopper le pain. Tiss\u00e9 \u00e0 plat sur un m\u00e9tier horizontal avec des motifs brod\u00e9s (sumac) ou nou\u00e9s (tapis) propres \u00e0 chaque tribu. 115\u00d7110 (cm) Laine et coton R\u00e9gion: Kamo (sud-ouest d\u2019Iran) D\u00e9but XXe si\u00e8cle 1500.00 \u20ac Promotion 700.00&hellip;<\/p>\n","protected":false},"featured_media":12504,"template":"","meta":[],"product_brand":[],"product_cat":[83],"product_tag":[],"class_list":{"0":"post-12537","1":"product","2":"type-product","3":"status-publish","4":"has-post-thumbnail","6":"product_cat-promotions","7":"entry","8":"has-media","10":"first","11":"instock","12":"shipping-taxable","13":"product-type-simple"},"yoast_head":"<!-- This site is optimized with the Yoast SEO plugin v27.4 - https:\/\/yoast.com\/product\/yoast-seo-wordpress\/ -->\n<title>3069: 115x110cm - L&#039;antichambre persane<\/title>\n<meta name=\"robots\" content=\"index, follow, max-snippet:-1, max-image-preview:large, max-video-preview:-1\" \/>\n<link rel=\"canonical\" href=\"https:\/\/lantichambrepersane.com\/en\/product\/3069-115x110cm\/\" \/>\n<meta property=\"og:locale\" content=\"en_US\" \/>\n<meta property=\"og:type\" content=\"article\" \/>\n<meta property=\"og:title\" content=\"3069: 115x110cm - L&#039;antichambre persane\" \/>\n<meta property=\"og:description\" content=\"Sofreh: En persan, le mot signifie \u00ab nappe \u00bb\u00a0;\u00a0 ce tissage, souvent de format carr\u00e9, servait \u00e0 envelopper le pain. Tiss\u00e9 \u00e0 plat sur un m\u00e9tier horizontal avec des motifs brod\u00e9s (sumac) ou nou\u00e9s (tapis) propres \u00e0 chaque tribu. 115\u00d7110 (cm) Laine et coton R\u00e9gion: Kamo (sud-ouest d\u2019Iran) D\u00e9but XXe si\u00e8cle 1500.00 \u20ac Promotion 700.00&hellip;\" \/>\n<meta property=\"og:url\" content=\"https:\/\/lantichambrepersane.com\/en\/product\/3069-115x110cm\/\" \/>\n<meta property=\"og:site_name\" content=\"L&#039;antichambre persane\" \/>\n<meta property=\"article:publisher\" content=\"https:\/\/www.facebook.com\/lantichambrepersane75\" \/>\n<meta property=\"article:modified_time\" content=\"2025-08-26T08:07:14+00:00\" \/>\n<meta property=\"og:image\" content=\"https:\/\/lantichambrepersane.com\/wp-content\/uploads\/2024\/10\/3069.jpg\" \/>\n\t<meta property=\"og:image:width\" content=\"589\" \/>\n\t<meta property=\"og:image:height\" content=\"802\" \/>\n\t<meta property=\"og:image:type\" content=\"image\/jpeg\" \/>\n<meta name=\"twitter:card\" content=\"summary_large_image\" \/>\n<meta name=\"twitter:label1\" content=\"Est. reading time\" \/>\n\t<meta name=\"twitter:data1\" content=\"1 minute\" \/>\n<script type=\"application\/ld+json\" class=\"yoast-schema-graph\">{\"@context\":\"https:\\\/\\\/schema.org\",\"@graph\":[{\"@type\":\"WebPage\",\"@id\":\"https:\\\/\\\/lantichambrepersane.com\\\/en\\\/product\\\/3069-115x110cm\\\/\",\"url\":\"https:\\\/\\\/lantichambrepersane.com\\\/en\\\/product\\\/3069-115x110cm\\\/\",\"name\":\"3069: 115x110cm - L'antichambre persane\",\"isPartOf\":{\"@id\":\"https:\\\/\\\/lantichambrepersane.com\\\/en\\\/#website\"},\"primaryImageOfPage\":{\"@id\":\"https:\\\/\\\/lantichambrepersane.com\\\/en\\\/product\\\/3069-115x110cm\\\/#primaryimage\"},\"image\":{\"@id\":\"https:\\\/\\\/lantichambrepersane.com\\\/en\\\/product\\\/3069-115x110cm\\\/#primaryimage\"},\"thumbnailUrl\":\"https:\\\/\\\/lantichambrepersane.com\\\/wp-content\\\/uploads\\\/2024\\\/10\\\/3069.jpg\",\"datePublished\":\"2024-10-09T12:03:53+00:00\",\"dateModified\":\"2025-08-26T08:07:14+00:00\",\"breadcrumb\":{\"@id\":\"https:\\\/\\\/lantichambrepersane.com\\\/en\\\/product\\\/3069-115x110cm\\\/#breadcrumb\"},\"inLanguage\":\"en-US\",\"potentialAction\":[{\"@type\":\"ReadAction\",\"target\":[\"https:\\\/\\\/lantichambrepersane.com\\\/en\\\/product\\\/3069-115x110cm\\\/\"]}]},{\"@type\":\"ImageObject\",\"inLanguage\":\"en-US\",\"@id\":\"https:\\\/\\\/lantichambrepersane.com\\\/en\\\/product\\\/3069-115x110cm\\\/#primaryimage\",\"url\":\"https:\\\/\\\/lantichambrepersane.com\\\/wp-content\\\/uploads\\\/2024\\\/10\\\/3069.jpg\",\"contentUrl\":\"https:\\\/\\\/lantichambrepersane.com\\\/wp-content\\\/uploads\\\/2024\\\/10\\\/3069.jpg\",\"width\":589,\"height\":802},{\"@type\":\"BreadcrumbList\",\"@id\":\"https:\\\/\\\/lantichambrepersane.com\\\/en\\\/product\\\/3069-115x110cm\\\/#breadcrumb\",\"itemListElement\":[{\"@type\":\"ListItem\",\"position\":1,\"name\":\"Accueil\",\"item\":\"https:\\\/\\\/lantichambrepersane.com\\\/en\\\/\"},{\"@type\":\"ListItem\",\"position\":2,\"name\":\"Collection\",\"item\":\"https:\\\/\\\/lantichambrepersane.com\\\/en\\\/collection\\\/\"},{\"@type\":\"ListItem\",\"position\":3,\"name\":\"3069: 115x110cm\"}]},{\"@type\":\"WebSite\",\"@id\":\"https:\\\/\\\/lantichambrepersane.com\\\/en\\\/#website\",\"url\":\"https:\\\/\\\/lantichambrepersane.com\\\/en\\\/\",\"name\":\"L'antichambre persane\",\"description\":\"A&K, Marchand d\u2019objets & Menuisier sur-mesure\",\"publisher\":{\"@id\":\"https:\\\/\\\/lantichambrepersane.com\\\/en\\\/#organization\"},\"potentialAction\":[{\"@type\":\"SearchAction\",\"target\":{\"@type\":\"EntryPoint\",\"urlTemplate\":\"https:\\\/\\\/lantichambrepersane.com\\\/en\\\/?s={search_term_string}\"},\"query-input\":{\"@type\":\"PropertyValueSpecification\",\"valueRequired\":true,\"valueName\":\"search_term_string\"}}],\"inLanguage\":\"en-US\"},{\"@type\":\"Organization\",\"@id\":\"https:\\\/\\\/lantichambrepersane.com\\\/en\\\/#organization\",\"name\":\"L'antichambre persane\",\"url\":\"https:\\\/\\\/lantichambrepersane.com\\\/en\\\/\",\"logo\":{\"@type\":\"ImageObject\",\"inLanguage\":\"en-US\",\"@id\":\"https:\\\/\\\/lantichambrepersane.com\\\/en\\\/#\\\/schema\\\/logo\\\/image\\\/\",\"url\":\"https:\\\/\\\/lantichambrepersane.com\\\/wp-content\\\/uploads\\\/2020\\\/09\\\/LAntichambre-LogoHD-CARRE.jpg\",\"contentUrl\":\"https:\\\/\\\/lantichambrepersane.com\\\/wp-content\\\/uploads\\\/2020\\\/09\\\/LAntichambre-LogoHD-CARRE.jpg\",\"width\":525,\"height\":150,\"caption\":\"L'antichambre persane\"},\"image\":{\"@id\":\"https:\\\/\\\/lantichambrepersane.com\\\/en\\\/#\\\/schema\\\/logo\\\/image\\\/\"},\"sameAs\":[\"https:\\\/\\\/www.facebook.com\\\/lantichambrepersane75\"]}]}<\/script>\n<!-- \/ Yoast SEO plugin. -->","yoast_head_json":{"title":"3069: 115x110cm - L'antichambre persane","robots":{"index":"index","follow":"follow","max-snippet":"max-snippet:-1","max-image-preview":"max-image-preview:large","max-video-preview":"max-video-preview:-1"},"canonical":"https:\/\/lantichambrepersane.com\/en\/product\/3069-115x110cm\/","og_locale":"en_US","og_type":"article","og_title":"3069: 115x110cm - L'antichambre persane","og_description":"Sofreh: En persan, le mot signifie \u00ab nappe \u00bb\u00a0;\u00a0 ce tissage, souvent de format carr\u00e9, servait \u00e0 envelopper le pain. Tiss\u00e9 \u00e0 plat sur un m\u00e9tier horizontal avec des motifs brod\u00e9s (sumac) ou nou\u00e9s (tapis) propres \u00e0 chaque tribu. 115\u00d7110 (cm) Laine et coton R\u00e9gion: Kamo (sud-ouest d\u2019Iran) D\u00e9but XXe si\u00e8cle 1500.00 \u20ac Promotion 700.00&hellip;","og_url":"https:\/\/lantichambrepersane.com\/en\/product\/3069-115x110cm\/","og_site_name":"L'antichambre persane","article_publisher":"https:\/\/www.facebook.com\/lantichambrepersane75","article_modified_time":"2025-08-26T08:07:14+00:00","og_image":[{"width":589,"height":802,"url":"https:\/\/lantichambrepersane.com\/wp-content\/uploads\/2024\/10\/3069.jpg","type":"image\/jpeg"}],"twitter_card":"summary_large_image","twitter_misc":{"Est. reading time":"1 minute"},"schema":{"@context":"https:\/\/schema.org","@graph":[{"@type":"WebPage","@id":"https:\/\/lantichambrepersane.com\/en\/product\/3069-115x110cm\/","url":"https:\/\/lantichambrepersane.com\/en\/product\/3069-115x110cm\/","name":"3069: 115x110cm - L'antichambre persane","isPartOf":{"@id":"https:\/\/lantichambrepersane.com\/en\/#website"},"primaryImageOfPage":{"@id":"https:\/\/lantichambrepersane.com\/en\/product\/3069-115x110cm\/#primaryimage"},"image":{"@id":"https:\/\/lantichambrepersane.com\/en\/product\/3069-115x110cm\/#primaryimage"},"thumbnailUrl":"https:\/\/lantichambrepersane.com\/wp-content\/uploads\/2024\/10\/3069.jpg","datePublished":"2024-10-09T12:03:53+00:00","dateModified":"2025-08-26T08:07:14+00:00","breadcrumb":{"@id":"https:\/\/lantichambrepersane.com\/en\/product\/3069-115x110cm\/#breadcrumb"},"inLanguage":"en-US","potentialAction":[{"@type":"ReadAction","target":["https:\/\/lantichambrepersane.com\/en\/product\/3069-115x110cm\/"]}]},{"@type":"ImageObject","inLanguage":"en-US","@id":"https:\/\/lantichambrepersane.com\/en\/product\/3069-115x110cm\/#primaryimage","url":"https:\/\/lantichambrepersane.com\/wp-content\/uploads\/2024\/10\/3069.jpg","contentUrl":"https:\/\/lantichambrepersane.com\/wp-content\/uploads\/2024\/10\/3069.jpg","width":589,"height":802},{"@type":"BreadcrumbList","@id":"https:\/\/lantichambrepersane.com\/en\/product\/3069-115x110cm\/#breadcrumb","itemListElement":[{"@type":"ListItem","position":1,"name":"Accueil","item":"https:\/\/lantichambrepersane.com\/en\/"},{"@type":"ListItem","position":2,"name":"Collection","item":"https:\/\/lantichambrepersane.com\/en\/collection\/"},{"@type":"ListItem","position":3,"name":"3069: 115x110cm"}]},{"@type":"WebSite","@id":"https:\/\/lantichambrepersane.com\/en\/#website","url":"https:\/\/lantichambrepersane.com\/en\/","name":"L'antichambre persane","description":"A&K, Marchand d\u2019objets & Menuisier sur-mesure","publisher":{"@id":"https:\/\/lantichambrepersane.com\/en\/#organization"},"potentialAction":[{"@type":"SearchAction","target":{"@type":"EntryPoint","urlTemplate":"https:\/\/lantichambrepersane.com\/en\/?s={search_term_string}"},"query-input":{"@type":"PropertyValueSpecification","valueRequired":true,"valueName":"search_term_string"}}],"inLanguage":"en-US"},{"@type":"Organization","@id":"https:\/\/lantichambrepersane.com\/en\/#organization","name":"L'antichambre persane","url":"https:\/\/lantichambrepersane.com\/en\/","logo":{"@type":"ImageObject","inLanguage":"en-US","@id":"https:\/\/lantichambrepersane.com\/en\/#\/schema\/logo\/image\/","url":"https:\/\/lantichambrepersane.com\/wp-content\/uploads\/2020\/09\/LAntichambre-LogoHD-CARRE.jpg","contentUrl":"https:\/\/lantichambrepersane.com\/wp-content\/uploads\/2020\/09\/LAntichambre-LogoHD-CARRE.jpg","width":525,"height":150,"caption":"L'antichambre persane"},"image":{"@id":"https:\/\/lantichambrepersane.com\/en\/#\/schema\/logo\/image\/"},"sameAs":["https:\/\/www.facebook.com\/lantichambrepersane75"]}]}},"_links":{"self":[{"href":"https:\/\/lantichambrepersane.com\/en\/wp-json\/wp\/v2\/product\/12537","targetHints":{"allow":["GET"]}}],"collection":[{"href":"https:\/\/lantichambrepersane.com\/en\/wp-json\/wp\/v2\/product"}],"about":[{"href":"https:\/\/lantichambrepersane.com\/en\/wp-json\/wp\/v2\/types\/product"}],"wp:featuredmedia":[{"embeddable":true,"href":"https:\/\/lantichambrepersane.com\/en\/wp-json\/wp\/v2\/media\/12504"}],"wp:attachment":[{"href":"https:\/\/lantichambrepersane.com\/en\/wp-json\/wp\/v2\/media?parent=12537"}],"wp:term":[{"taxonomy":"product_brand","embeddable":true,"href":"https:\/\/lantichambrepersane.com\/en\/wp-json\/wp\/v2\/product_brand?post=12537"},{"taxonomy":"product_cat","embeddable":true,"href":"https:\/\/lantichambrepersane.com\/en\/wp-json\/wp\/v2\/product_cat?post=12537"},{"taxonomy":"product_tag","embeddable":true,"href":"https:\/\/lantichambrepersane.com\/en\/wp-json\/wp\/v2\/product_tag?post=12537"}],"curies":[{"name":"wp","href":"https:\/\/api.w.org\/{rel}","templated":true}]}}